{"id":3,"date":"2022-04-28T09:00:11","date_gmt":"2022-04-28T09:00:11","guid":{"rendered":"https:\/\/www.esgallapruebas.com\/base\/?page_id=3"},"modified":"2025-05-30T12:23:09","modified_gmt":"2025-05-30T12:23:09","slug":"privacy-policy","status":"publish","type":"page","link":"https:\/\/cempeducation.com\/pt\/politica-privacidade\/","title":{"rendered":"Pol\u00edtica de privacidade"},"content":{"rendered":"<h2 id=\"politica-privacidad-intro\" class=\"pos-r\">Introdu\u00e7\u00e3o<\/h2>\n<p>A presente pol\u00edtica de privacidade aplica-se ao tratamento de dados pessoais que realizamos quando visita o nosso site.<\/p>\n<p>A sua privacidade e a seguran\u00e7a dos seus dados pessoais s\u00e3o importantes para o Grupo Northius. Garantimos que todos os dados pessoais que nos sejam confiados ser\u00e3o tratados de acordo com a legisla\u00e7\u00e3o aplic\u00e1vel em mat\u00e9ria de prote\u00e7\u00e3o.<\/p>\n<p>Neste aviso poder\u00e1 conhecer quem somos, para que finalidades trataremos os teus dados pessoais, a quem os podemos comunicar, onde podem ser transferidos e quais s\u00e3o os seus direitos.<\/p>\n<h2>Sobre Northius<\/h2>\n<p>O Grupo Northius tratar\u00e1 os seus dados pessoais de acordo com o estabelecido nesta pol\u00edtica de privacidade, a qual ser\u00e1 atualizada continuamente, revista e sempre dispon\u00edvel para o utilizador.<\/p>\n<p>A menos que indicado o contr\u00e1rio, o Grupo Northius \u00e9 respons\u00e1vel pelo tratamento dos teus dados pessoais (&#8220;respons\u00e1vel pelo tratamento&#8221; nos termos da legisla\u00e7\u00e3o aplic\u00e1vel em mat\u00e9ria de prote\u00e7\u00e3o de dados).<\/p>\n<p>Em certos casos, para o bom funcionamento e gest\u00e3o eficiente do nosso neg\u00f3cio, as empresas do Grupo Northius determinam em conjunto os objetivos e os meios relativos ao tratamento de dados pessoais (correspons\u00e1veis pelo tratamento).<\/p>\n<p>O Grupo Northius \u00e9 composto pelas seguintes entidades:<\/p>\n<table width=\"672\">\n<tbody>\n<tr>\n<td width=\"229\">Comunidad Campus, S.L.<\/td>\n<td width=\"66\">B15947609<\/td>\n<td rowspan=\"6\" width=\"313\">Comandante Fontanes, 1-1\u00ba, 15003 \u2013 A Coru\u00f1a<\/td>\n<\/tr>\n<tr>\n<td width=\"229\">Manufactura de Ingenios Tecnol\u00f3gicos, S.L.<\/td>\n<td width=\"66\">B70499454<\/td>\n<\/tr>\n<tr>\n<td width=\"229\">Training Business Network, S.L.<\/td>\n<td width=\"66\">B02838233<\/td>\n<\/tr>\n<tr>\n<td width=\"229\">Hipatia Educaci\u00f3n, S.L.<\/td>\n<td width=\"66\">B67678169<\/td>\n<\/tr>\n<tr>\n<td width=\"229\">Tokio School, S.L.<\/td>\n<td width=\"66\">B87849303<\/td>\n<\/tr>\n<tr>\n<td width=\"229\">Red de Negocios Formativos, S.L.<\/td>\n<td width=\"66\">B70303474<\/td>\n<\/tr>\n<tr>\n<td width=\"229\">MG Agnesi Training, S.L.<\/td>\n<td width=\"66\">B06794416<\/td>\n<td width=\"313\">Consell De Cent Num.357-359 Local P.1 A 08007 \u2013 Barcelona<\/td>\n<\/tr>\n<tr>\n<td width=\"229\">Unisport Universitas S.L.<\/td>\n<td width=\"66\">B65625493<\/td>\n<td width=\"313\">Av. Ernest Lluch 32, TCM2 3.06, 08302 Matar\u00f3 \u2013 Barcelona<\/td>\n<\/tr>\n<tr>\n<td width=\"229\">Darwin Media, S.L.<\/td>\n<td width=\"66\">B19328285<\/td>\n<td width=\"313\">Calle Pedro Heredia, n\u00famero 6, loft 2, CP 28008 \u2013 Madrid<\/td>\n<\/tr>\n<tr>\n<td width=\"229\">Einstein Training, Lda.<\/td>\n<td width=\"66\">516095145<\/td>\n<td width=\"313\">Rua Latino Coelho, 13A \u2013 1050-234 Lisboa<\/td>\n<\/tr>\n<\/tbody>\n<\/table>\n<p>&nbsp;<\/p>\n<h2>Identifica\u00e7\u00e3o do delegado de prote\u00e7\u00e3o de dados<\/h2>\n<p>A morada de contacto do Delegado de Prote\u00e7\u00e3o de Dados (DPD) que centralizar\u00e1 a gest\u00e3o da privacidade do Grupo Northius \u00e9: dpd@northius.com.<\/p>\n<h2>Com que finalidades tratamos os dados?<\/h2>\n<p>Podemos tratar os seus dados pessoais para as seguintes finalidades:<\/p>\n<p><span style=\"text-decoration: underline;\">Pedido de informa\u00e7\u00e3o<\/span>: Fornecer informa\u00e7\u00f5es personalizadas sobre os diferentes cursos programados e as suas respetivas modalidades ou sobre qualquer outro tipo de forma\u00e7\u00e3o dispon\u00edvel no nosso cat\u00e1logo formativo.<\/p>\n<p><span style=\"text-decoration: underline;\">Contacto<\/span>: O endere\u00e7o de e-mail ou telefone fornecido para contato ser\u00e1 utilizado para uma resposta eficaz \u00e0s quest\u00f5es apresentadas. A utiliza\u00e7\u00e3o do aplicativo de mensagens instant\u00e2neas n\u00e3o implicar\u00e1 no tratamento dos n\u00fameros de telefone dos seus titulares. Quando o contato for estabelecido atrav\u00e9s dos nossos contact-center, algumas conversas poder\u00e3o ser gravadas, unicamente para acompanhamento e do correspondente processo de contrata\u00e7\u00e3o ou matr\u00edcula.<\/p>\n<p><span style=\"text-decoration: underline;\">Atividades formativas<\/span>: Uma vez realizado o processo de contrata\u00e7\u00e3o e matr\u00edcula, para os quais devem ser fornecidos os dados de identifica\u00e7\u00e3o e pagamento, as informa\u00e7\u00f5es ser\u00e3o tratadas para as correspondentes gest\u00f5es administrativas e acad\u00e9micas, entre as quais se encontram: (i) entrega de credenciais ao Campus Virtual; (ii) ministra\u00e7\u00e3o das sess\u00f5es formativas; (iii) realiza\u00e7\u00e3o de testes e exames; e (iv) concess\u00e3o de t\u00edtulos e\/ou certificados.<\/p>\n<p><span style=\"text-decoration: underline;\">Boletins ou newsletters<\/span>: O endere\u00e7o de e-mail, que dever\u00e1 ser verificado pelo usu\u00e1rio, ou telefone, ser\u00e3o utilizados para o envio dessas comunica\u00e7\u00f5es eletr\u00f4nicas, de acordo com os seus interesses.<\/p>\n<p><span style=\"text-decoration: underline;\">Atividades promocionais\/participativas<\/span>: Ao participar em alguma de nossas atividades promocionais, trataremos os dados fornecidos de acordo com cada a\u00e7\u00e3o espec\u00edfica, com o objetivo de regular e possibilitar o acesso e desfruta\u00e7\u00e3o da mesma. Caso seja necess\u00e1rio, ser\u00e3o publicadas as correspondentes condi\u00e7\u00f5es ou bases legais, e para esses casos espec\u00edficos, ser\u00e1 fornecida informa\u00e7\u00e3o mais detalhada sobre o tratamento de dados pessoais.<\/p>\n<p><span style=\"text-decoration: underline;\">Trabalhe connosco<\/span>: O envio dos dados curriculares ser\u00e1 utilizado para utiliza\u00e7\u00e3o em processos de sele\u00e7\u00e3o, presentes e futuros, embora os departamentos de sele\u00e7\u00e3o se reservem o direito de eliminar diretamente a informa\u00e7\u00e3o fornecida.<\/p>\n<p><span style=\"text-decoration: underline;\">Atividades de contrata\u00e7\u00e3o<\/span>: Quando forem desenvolvidas as fun\u00e7\u00f5es pr\u00f3prias de uma Ag\u00eancia Privada de Contrata\u00e7\u00e3o, ser\u00e3o realizados trabalhos de intermedia\u00e7\u00e3o laboral, de modo que ser\u00e1 estabelecido um canal entre as pessoas que procuram um emprego adequado \u00e0s suas caracter\u00edsticas e aquelas organiza\u00e7\u00f5es \u00e0 procura de potenciais trabalhadores com uma determinada qualifica\u00e7\u00e3o, para que sejam disponibilizados a elas os profissionais mais adequados aos seus requisitos e necessidades.<\/p>\n<h2>Que tipologia de dados tratamos?<\/h2>\n<p>Os dados sujeitos a tratamento ser\u00e3o diferentes dependendo das diferentes sec\u00e7\u00f5es ou servi\u00e7os disponibilizados ao utilizador e que este utilize, bem como dos tratamentos adicionais permitidos ou autorizados pelo mesmo.<\/p>\n<ul>\n<li>Dados obtidos do utilizador: s\u00e3o os dados fornecidos pelo utilizador no processo de preenchimento dos formul\u00e1rios dispon\u00edveis, de matr\u00edcula e contrata\u00e7\u00e3o da forma\u00e7\u00e3o escolhida, bem como a subscri\u00e7\u00e3o dos nossos boletins, newsletters, campanhas ou promo\u00e7\u00f5es. Entre estes dados incluem-se os dados identificativos e de contacto, tais como o nome e apelido e o endere\u00e7o de e-mail, bem como os dados econ\u00f3micos e de pagamento. Em cada um dos formul\u00e1rios, ser\u00e1 indicado quais s\u00e3o de car\u00e1cter obrigat\u00f3rio e quais s\u00e3o facultativos.<\/li>\n<\/ul>\n<p>Em fun\u00e7\u00e3o do tipo de autoriza\u00e7\u00e3o que tenha sido aceite, poderemos enviar, por qualquer meio (correio postal, telefone, SMS, aplica\u00e7\u00f5es de mensagens instant\u00e2neas, redes sociais, e-mails, notifica\u00e7\u00f5es web ou qualquer outro meio eletr\u00f3nico ou telem\u00e1tico dispon\u00edvel em cada momento), comunica\u00e7\u00f5es relativas aos produtos e\/ou servi\u00e7os objeto da solicita\u00e7\u00e3o e\/ou interesse do utilizador, ou dos contratos por ele formalizados.<\/p>\n<p>\u2022 Dados n\u00e3o obtidos do utilizador: Durante a navega\u00e7\u00e3o, poder\u00e3o ser fornecidos dados como os enviados pelo navegador, o endere\u00e7o IP atribu\u00eddo pelo seu fornecedor ou as informa\u00e7\u00f5es do dispositivo utilizado.<\/p>\n<h2>Legitima\u00e7\u00e3o do tratamento<\/h2>\n<p>De acordo com os tratamentos realizados, informamos a seguir sobre as bases de legitimidade de cada um deles:<\/p>\n<ul>\n<li><span style=\"text-decoration: underline;\">Consentimento<\/span>: ser\u00e1 obtido adequadamente para a subscri\u00e7\u00e3o das nossas newsletters e not\u00edcias, bem como para dar uma resposta oportuna a todas as quest\u00f5es ou perguntas formuladas pelos utilizadores. O consentimento ser\u00e1 sempre revog\u00e1vel e poder\u00e1 ser retirado a qualquer momento. No entanto, se o consentimento for retirado, isso n\u00e3o afetar\u00e1 a licitude dos tratamentos realizados anteriormente. As autoriza\u00e7\u00f5es obtidas para os fins mencionados s\u00e3o independentes, portanto, uma delas pode ser revogada sem afetar as outras.<\/li>\n<li><span style=\"text-decoration: underline;\">Cumprimento de um contrato<\/span>: O contrato assinado entre o aluno (ou, se for o caso, o pagador) e a empresa do Grupo Northius encarregada do desenvolvimento da forma\u00e7\u00e3o, em qualquer uma das suas variantes (cursos, oposi\u00e7\u00f5es, mestrados, etc.).<\/li>\n<li><span style=\"text-decoration: underline;\">Interesse leg\u00edtimo<\/span>: De acordo com esta base de legitimidade, encaminharemos as solicita\u00e7\u00f5es de informa\u00e7\u00e3o para a empresa do Grupo Northius que estiver em melhor posi\u00e7\u00e3o para oferecer a solu\u00e7\u00e3o procurada pelos utilizadores. Neste sentido e com a mesma base legal, poder\u00e3o ser enviadas comunica\u00e7\u00f5es comerciais, de acordo com as prefer\u00eancias e interesses dos utilizadores.<\/li>\n<li><span style=\"text-decoration: underline;\">Cumprimento de uma obriga\u00e7\u00e3o legal<\/span>: As atividades de media\u00e7\u00e3o na contrata\u00e7\u00e3o ser\u00e3o comunicadas ao Servi\u00e7o P\u00fablico de Emprego, em cumprimento do Real Decreto 1796\/2010, de 30 de dezembro, que regula as ag\u00eancias de emprego, bem como do Real Decreto Legislativo 3\/2015, de 23 de outubro, que aprova o texto refundido da Lei do Emprego de Espanha.<\/li>\n<\/ul>\n<h2>Para quem s\u00e3o comunicados os seus dados?<\/h2>\n<p>O Grupo Northius \u00e9 composto por empresas dedicadas ao campo da forma\u00e7\u00e3o, cada uma delas em \u00e1reas muito espec\u00edficas. Assim, quando a consulta ou solicita\u00e7\u00e3o dos usu\u00e1rios estiver fora do \u00e2mbito da forma\u00e7\u00e3o ministrada pela empresa recetora, esta encaminhar\u00e1 a solicita\u00e7\u00e3o do usu\u00e1rio para a\/s empresa\/s que gerenciam essa especialidade espec\u00edfica, a fim de oferecer e realizar uma gest\u00e3o eficaz das demandas espec\u00edficas dos usu\u00e1rios.<\/p>\n<p>Para cumprir as demais finalidades indicadas nesta Pol\u00edtica de Privacidade, \u00e9 poss\u00edvel que nos apoiemos em terceiros, fornecedores, se for o caso, de servi\u00e7os tecnol\u00f3gicos, prestadores de servi\u00e7os relacionados ao atendimento ao cliente e marketing e publicidade.<\/p>\n<p>No entanto, n\u00e3o divulgaremos as informa\u00e7\u00f5es pessoais fornecidas a terceiros, exceto quando a divulga\u00e7\u00e3o for exigida pela legisla\u00e7\u00e3o vigente, por ordem judicial ou por autoridade competente, bem como quando for necess\u00e1rio comunicar os dados essenciais por raz\u00e3o l\u00f3gica da presta\u00e7\u00e3o do servi\u00e7o, ou quando for expressamente solicitado pelo usu\u00e1rio dando o seu consentimento.<\/p>\n<p>N\u00e3o est\u00e1 prevista a realiza\u00e7\u00e3o de transfer\u00eancias internacionais de dados fora do \u00e2mbito da Uni\u00e3o Europeia.<\/p>\n<p>Em cumprimento da legisla\u00e7\u00e3o mencionada anteriormente, e no desempenho da fun\u00e7\u00e3o de Ag\u00eancia de Coloca\u00e7\u00e3o, as informa\u00e7\u00f5es fornecidas pelo demandante de emprego ser\u00e3o registadas no banco de dados comum do Portal \u00danico de Emprego, de forma a possibilitar a divulga\u00e7\u00e3o de ofertas, demandas de emprego e oportunidades de forma\u00e7\u00e3o existentes em todo o territ\u00f3rio do Estado, bem como nos demais pa\u00edses do Espa\u00e7o Econ\u00f3mico Europeu, respeitando o estabelecido na legisla\u00e7\u00e3o espanhola e europeia em mat\u00e9ria de prote\u00e7\u00e3o de dados.<\/p>\n<h2>Exerc\u00edcio de direitos<\/h2>\n<p>Qualquer pessoa tem o direito de obter a confirma\u00e7\u00e3o de se os seus dados pessoais est\u00e3o ou n\u00e3o a ser processados. As pessoas interessadas t\u00eam o direito de aceder aos seus dados pessoais, bem como solicitar a retifica\u00e7\u00e3o dos dados imprecisos ou, se for caso disso, solicitar a sua elimina\u00e7\u00e3o quando, entre outras raz\u00f5es, os dados j\u00e1 n\u00e3o s\u00e3o necess\u00e1rios para os fins para os quais foram recolhidos.<\/p>\n<p>Em certas circunst\u00e2ncias, os titulares dos dados podem solicitar a limita\u00e7\u00e3o do processamento dos seus dados ou opor-se ao processamento dos mesmos, caso em que apenas os manteremos para o exerc\u00edcio ou defesa de reclama\u00e7\u00f5es.<\/p>\n<p>Para tal, os utilizadores podem exercer os direitos reconhecidos por lei (i) atrav\u00e9s de correio eletr\u00f3nico para o endere\u00e7o <a href=\"mailto:dpd@northius.com\" target=\"_blank\" rel=\"noopener\"><strong>dpd@northius.com<\/strong><\/a>; ou (ii) por carta para o endere\u00e7o indicado acima.<\/p>\n<p>Pode ser apresentada uma reclama\u00e7\u00e3o \u00e0 Ag\u00eancia Espanhola de Prote\u00e7\u00e3o de Dados, dispon\u00edvel em <a href=\"https:\/\/sedeagpd.gob.es\/\" target=\"_blank\" rel=\"noopener\"><strong>https:\/\/sedeagpd.gob.es\/<\/strong><\/a>.<\/p>\n<p>Poder\u00e1 apresentar uma reclama\u00e7\u00e3o junto da Comiss\u00e3o Nacional de Prote\u00e7\u00e3o de Dados, dispon\u00edvel em <a href=\"https:\/\/www.cnpd.pt\/\" target=\"_blank\" rel=\"noopener\">https:\/\/www.cnpd.pt\/\u00a0<\/a><\/p>\n","protected":false},"excerpt":{"rendered":"<p>Introdu\u00e7\u00e3o A presente pol\u00edtica de privacidade aplica-se ao tratamento de dados pessoais que realizamos quando visita o nosso site. A sua privacidade e a seguran\u00e7a dos seus dados pessoais s\u00e3o importantes para o Grupo Northius. Garantimos que todos os dados pessoais que nos sejam confiados [&hellip;]<\/p>\n","protected":false},"author":1,"featured_media":0,"parent":0,"menu_order":0,"comment_status":"closed","ping_status":"closed","template":"","meta":{"_acf_changed":false,"_searchwp_excluded":"","inline_featured_image":false,"footnotes":""},"class_list":["post-3","page","type-page","status-publish","hentry"],"acf":[],"_links":{"self":[{"href":"https:\/\/cempeducation.com\/pt\/wp-json\/wp\/v2\/pages\/3","targetHints":{"allow":["GET"]}}],"collection":[{"href":"https:\/\/cempeducation.com\/pt\/wp-json\/wp\/v2\/pages"}],"about":[{"href":"https:\/\/cempeducation.com\/pt\/wp-json\/wp\/v2\/types\/page"}],"author":[{"embeddable":true,"href":"https:\/\/cempeducation.com\/pt\/wp-json\/wp\/v2\/users\/1"}],"replies":[{"embeddable":true,"href":"https:\/\/cempeducation.com\/pt\/wp-json\/wp\/v2\/comments?post=3"}],"version-history":[{"count":17,"href":"https:\/\/cempeducation.com\/pt\/wp-json\/wp\/v2\/pages\/3\/revisions"}],"predecessor-version":[{"id":3253,"href":"https:\/\/cempeducation.com\/pt\/wp-json\/wp\/v2\/pages\/3\/revisions\/3253"}],"wp:attachment":[{"href":"https:\/\/cempeducation.com\/pt\/wp-json\/wp\/v2\/media?parent=3"}],"curies":[{"name":"wp","href":"https:\/\/api.w.org\/{rel}","templated":true}]}}