{"id":180,"date":"2020-04-22T09:33:09","date_gmt":"2020-04-22T09:33:09","guid":{"rendered":"https:\/\/www.esgallapruebas.com\/cemp\/?page_id=180"},"modified":"2024-04-11T13:37:51","modified_gmt":"2024-04-11T13:37:51","slug":"legal-notice","status":"publish","type":"page","link":"https:\/\/cempeducation.com\/pt\/aviso-legal\/","title":{"rendered":"Aviso Legal"},"content":{"rendered":"<div class=\"sc-caSCKo epQEoo sc-fBuWsC bXSpjw\">\n<div class=\"sc-fMiknA gThfDp\">\n<h2 class=\"sc-fAjcbJ sc-gisBJw dyKaDV\" data-test-id=\"content\">Identifica\u00e7\u00e3o do titular<\/h2>\n<\/div>\n<\/div>\n<ul>\n<li>Denomina\u00e7\u00e3o Social: Comunidad Campus, S.L. (doravante CEMP)<\/li>\n<li>CIF\/NIF: B15947609<\/li>\n<li>Sede Social: Calle Comandante Fontanes, 1-1\u00ba, 15003 &#8211; A Coru\u00f1a<\/li>\n<li>Telefone: 918 318 168<\/li>\n<li>E-mail: <a href=\"mailto:info@cempeducation.com\" target=\"_blank\" rel=\"noopener\"><strong>info@cempeducation.com<\/strong><\/a><\/li>\n<li>Dados de inscri\u00e7\u00e3o no Registo Comercial de A Coru\u00f1a del Tomo 2.871, sec\u00e7\u00e3o geral, folha 215, p\u00e1gina C-33.936, inscri\u00e7\u00e3o 1\u00aa.<\/li>\n<li>Ag\u00eancia Privada de Coloca\u00e7\u00e3o N\u00ba 1200000120<\/li>\n<\/ul>\n<h2>Objeto<\/h2>\n<p>As presentes condi\u00e7\u00f5es regular\u00e3o o uso que o Titular disponibiliza aos utilizadores da Web, podendo ser modificadas sem aviso pr\u00e9vio, pelo que se recomenda a sua consulta peri\u00f3dica, especialmente quando se pretenda fazer uso efetivo de produtos e\/ou servi\u00e7os.<\/p>\n<h2>Condi\u00e7\u00f5es de acesso e uso<\/h2>\n<p>O acesso ao site \u00e9 livre e confere ao utilizador a condi\u00e7\u00e3o de Utilizador, que poder\u00e1 aceder aos conte\u00fados ou mesmo entrar em contato com os seus administradores.<br \/>\nAssim, o Utilizador deve ler, entender e aceitar as presentes condi\u00e7\u00f5es de utiliza\u00e7\u00e3o antes de proceder \u00e0 navega\u00e7\u00e3o e\/ou utiliza\u00e7\u00e3o dos servi\u00e7os, o que implica a sua aceita\u00e7\u00e3o e ades\u00e3o expressa \u00e0s mesmas nos termos e condi\u00e7\u00f5es expressos abaixo:<\/p>\n<ul>\n<li>Compromisso de uso diligente dos recursos, com cumprimento estrito da legisla\u00e7\u00e3o em vigor, respeitando as boas maneiras e a &#8220;etiqueta&#8221;, ou seja, o conjunto de normas de comportamento geral na Internet.<\/li>\n<li>O Utilizador aceitar\u00e1 os termos e condi\u00e7\u00f5es ou bases de participa\u00e7\u00e3o de um servi\u00e7o ou recurso espec\u00edfico quando estes forem necess\u00e1rios, o que ser\u00e1 explicitamente solicitado no seu caso.<\/li>\n<li>N\u00e3o poder\u00e1 fazer uso do site fora dos termos aceites pelas presentes condi\u00e7\u00f5es de utiliza\u00e7\u00e3o, nomeadamente para fins il\u00edcitos, contr\u00e1rios \u00e0 moral ou \u00e0 ordem p\u00fablica em qualquer uma das suas express\u00f5es, ou constitutivos de crime.<\/li>\n<\/ul>\n<p>Da mesma forma, no caso de ser permitido coment\u00e1rios ou entradas de opini\u00f5es, o Titular n\u00e3o se responsabilizar\u00e1 em nenhum caso pelas opini\u00f5es expressas por terceiros, embora reserve o direito de retirar ou mesmo n\u00e3o publicar aqueles que sejam ofensivos ou inadequados ou, em caso contr\u00e1rio, quando tiver conhecimento efetivo do conte\u00fado publicado.<\/p>\n<h2>Propriedade intelectual e industrial<\/h2>\n<p>O Titular det\u00e9m todos os direitos sobre a Web, os seus logotipos, estrutura, imagens e elementos integrantes do c\u00f3digo objeto, ou possui as devidas autoriza\u00e7\u00f5es do seu leg\u00edtimo propriet\u00e1rio, bem como a programa\u00e7\u00e3o e engenharia do c\u00f3digo-fonte. Todos esses elementos, al\u00e9m das publica\u00e7\u00f5es inclu\u00eddas, est\u00e3o protegidos pela legisla\u00e7\u00e3o espanhola e europeia de propriedade intelectual e industrial.<br \/>\nQualquer reprodu\u00e7\u00e3o, adapta\u00e7\u00e3o, modifica\u00e7\u00e3o ou comunica\u00e7\u00e3o p\u00fablica total ou parcial do conte\u00fado da Web, realizada de qualquer forma ou por qualquer meio, mec\u00e2nico, manual ou outro, sem a autoriza\u00e7\u00e3o expressa do Titular, \u00e9 proibida.<br \/>\nQualquer link para a Web deve direcionar para a &#8220;home&#8221; ou p\u00e1gina inicial, sendo proibida a realiza\u00e7\u00e3o de links profundos ou direcionados a outros conte\u00fados diferentes do mencionado. Da mesma forma, \u00e9 proibida a pr\u00e1tica de navega\u00e7\u00e3o em &#8220;frames&#8221;.<\/p>\n<h2>Prote\u00e7\u00e3o de dados de car\u00e1ter pessoal<\/h2>\n<p>O titular adotou todas as medidas de seguran\u00e7a, t\u00e9cnicas e organizacionais, exigidas pela legisla\u00e7\u00e3o de prote\u00e7\u00e3o de dados, mais especificamente pela Lei Org\u00e2nica 3\/2018 de Prote\u00e7\u00e3o de Dados Pessoais e Garantia de Direitos Digitais, assim como o Regulamento Europeu 2016\/679 de Prote\u00e7\u00e3o de Dados.<br \/>\nToda a informa\u00e7\u00e3o a este respeito pode ser encontrada na sec\u00e7\u00e3o denominada: <a href=\"https:\/\/cempeducation.com\/pt\/politica-privacidade\/\" target=\"_blank\" rel=\"noopener\"><strong>Pol\u00edtica de Privacidade<\/strong><\/a>.<\/p>\n<h2>Legisla\u00e7\u00e3o e jurisdi\u00e7\u00e3o aplic\u00e1vel<\/h2>\n<p>As presentes Condi\u00e7\u00f5es Gerais est\u00e3o sujeitas ao ordenamento jur\u00eddico espanhol, submetendo qualquer controv\u00e9rsia aos tribunais da cidade de A Corunha, com ren\u00fancia a qualquer outro ju\u00edzo geral ou especial que possa corresponder.<\/p>\n<div id=\"gtx-trans\" style=\"position: absolute; left: 236px; top: 1168.97px;\">\n<div class=\"gtx-trans-icon\"><\/div>\n<\/div>\n","protected":false},"excerpt":{"rendered":"<p>Identifica\u00e7\u00e3o do titular Denomina\u00e7\u00e3o Social: Comunidad Campus, S.L. (doravante CEMP) CIF\/NIF: B15947609 Sede Social: Calle Comandante Fontanes, 1-1\u00ba, 15003 &#8211; A Coru\u00f1a Telefone: 918 318 168 E-mail: info@cempeducation.com Dados de inscri\u00e7\u00e3o no Registo Comercial de A Coru\u00f1a del Tomo 2.871, sec\u00e7\u00e3o geral, folha 215, p\u00e1gina [&hellip;]<\/p>\n","protected":false},"author":1,"featured_media":0,"parent":0,"menu_order":0,"comment_status":"closed","ping_status":"closed","template":"","meta":{"_acf_changed":false,"_searchwp_excluded":"","inline_featured_image":false,"footnotes":""},"class_list":["post-180","page","type-page","status-publish","hentry"],"acf":[],"_links":{"self":[{"href":"https:\/\/cempeducation.com\/pt\/wp-json\/wp\/v2\/pages\/180","targetHints":{"allow":["GET"]}}],"collection":[{"href":"https:\/\/cempeducation.com\/pt\/wp-json\/wp\/v2\/pages"}],"about":[{"href":"https:\/\/cempeducation.com\/pt\/wp-json\/wp\/v2\/types\/page"}],"author":[{"embeddable":true,"href":"https:\/\/cempeducation.com\/pt\/wp-json\/wp\/v2\/users\/1"}],"replies":[{"embeddable":true,"href":"https:\/\/cempeducation.com\/pt\/wp-json\/wp\/v2\/comments?post=180"}],"version-history":[{"count":28,"href":"https:\/\/cempeducation.com\/pt\/wp-json\/wp\/v2\/pages\/180\/revisions"}],"predecessor-version":[{"id":3044,"href":"https:\/\/cempeducation.com\/pt\/wp-json\/wp\/v2\/pages\/180\/revisions\/3044"}],"wp:attachment":[{"href":"https:\/\/cempeducation.com\/pt\/wp-json\/wp\/v2\/media?parent=180"}],"curies":[{"name":"wp","href":"https:\/\/api.w.org\/{rel}","templated":true}]}}